{"id":8055,"date":"2025-10-15T14:08:58","date_gmt":"2025-10-15T14:08:58","guid":{"rendered":"https:\/\/galerie-root.de\/?post_type=product&#038;p=8055"},"modified":"2025-11-11T14:10:12","modified_gmt":"2025-11-11T14:10:12","slug":"lied-s236-25-2-2-2-2","status":"publish","type":"product","link":"https:\/\/galerie-root.de\/en\/product\/lied-s236-25-2-2-2-2\/","title":{"rendered":"LIED-O220-16"},"content":{"rendered":"<p>&nbsp;<\/p>\n<p>&nbsp;<\/p>\n<table id=\"product-desc\">\n<tbody>\n<tr>\n<td>Year:<\/td>\n<td>2016<\/td>\n<\/tr>\n<tr>\n<td>Dimensions:<\/td>\n<td>H 22 cm x W 36 cm x D 36 cm<\/td>\n<\/tr>\n<tr>\n<td>Material:<\/td>\n<td>Brushwood<\/td>\n<\/tr>\n<tr>\n<td>Manufacture:<\/td>\n<td>F\u00fcrstenberg Porcelain Manufactory<\/td>\n<\/tr>\n<\/tbody>\n<\/table>\n<p>&nbsp;<\/p>\n<p style=\"text-align: left; margin: 1em 0;\"><a style=\"color: #d32f2f; font-weight: bold; font-size: 1rem; text-decoration: underline; transition: color 0.2s ease;\" href=\"https:\/\/galerie-root.de\/en\/norbert-klaus\/\"><br \/>\nDiscover artists<br \/>\n<\/a><\/p>","protected":false},"excerpt":{"rendered":"<p>&nbsp; &nbsp; Jahr: 2016 Ma\u00dfe: H 22 cm x B 36 cm x T 36 cm Material: Reisig Herstellung: F\u00fcrstenberg Porzellanmanufaktur &nbsp; K\u00fcnstler entdecken<\/p>","protected":false},"featured_media":8057,"template":"","meta":{"ngg_post_thumbnail":0},"product_brand":[],"product_cat":[54,133],"product_tag":[],"class_list":{"0":"post-8055","1":"product","2":"type-product","3":"status-publish","4":"has-post-thumbnail","6":"product_cat-unsere-kuenstler","7":"product_cat-norbert-klaus","9":"first","10":"instock","11":"taxable","12":"shipping-taxable","13":"purchasable","14":"product-type-simple"},"jetpack_sharing_enabled":true,"_links":{"self":[{"href":"https:\/\/galerie-root.de\/en\/wp-json\/wp\/v2\/product\/8055","targetHints":{"allow":["GET"]}}],"collection":[{"href":"https:\/\/galerie-root.de\/en\/wp-json\/wp\/v2\/product"}],"about":[{"href":"https:\/\/galerie-root.de\/en\/wp-json\/wp\/v2\/types\/product"}],"wp:featuredmedia":[{"embeddable":true,"href":"https:\/\/galerie-root.de\/en\/wp-json\/wp\/v2\/media\/8057"}],"wp:attachment":[{"href":"https:\/\/galerie-root.de\/en\/wp-json\/wp\/v2\/media?parent=8055"}],"wp:term":[{"taxonomy":"product_brand","embeddable":true,"href":"https:\/\/galerie-root.de\/en\/wp-json\/wp\/v2\/product_brand?post=8055"},{"taxonomy":"product_cat","embeddable":true,"href":"https:\/\/galerie-root.de\/en\/wp-json\/wp\/v2\/product_cat?post=8055"},{"taxonomy":"product_tag","embeddable":true,"href":"https:\/\/galerie-root.de\/en\/wp-json\/wp\/v2\/product_tag?post=8055"}],"curies":[{"name":"wp","href":"https:\/\/api.w.org\/{rel}","templated":true}]}}