{"id":7890,"date":"2025-10-01T19:02:21","date_gmt":"2025-10-01T19:02:21","guid":{"rendered":"https:\/\/galerie-root.de\/?post_type=product&#038;p=7890"},"modified":"2025-10-15T13:18:10","modified_gmt":"2025-10-15T13:18:10","slug":"kieler-turm","status":"publish","type":"product","link":"https:\/\/galerie-root.de\/en\/product\/kieler-turm\/","title":{"rendered":"Kiel Tower"},"content":{"rendered":"<p>&nbsp;<\/p>\n<p>&nbsp;<\/p>\n<table id=\"product-desc\">\n<tbody>\n<tr>\n<td>Year:<\/td>\n<td>2006<\/td>\n<\/tr>\n<tr>\n<td>Dimensions:<\/td>\n<td>H 30 cm x W 10.5 cm x D 10.5 cm<\/td>\n<\/tr>\n<tr>\n<td>Material:<\/td>\n<td>Porcelain<\/td>\n<\/tr>\n<tr>\n<td>Manufacture:<\/td>\n<td>F\u00fcrstenberg Porcelain Manufactory<\/td>\n<\/tr>\n<\/tbody>\n<\/table>\n<p>&nbsp;<\/p>\n<p style=\"text-align: left; margin: 1em 0;\"><a style=\"color: #d32f2f; font-weight: bold; font-size: 1rem; text-decoration: underline; transition: color 0.2s ease;\" href=\"https:\/\/galerie-root.de\/en\/jo-kley\/\"><br \/>\nDiscover artists<br \/>\n<\/a><\/p>","protected":false},"excerpt":{"rendered":"<p>&nbsp; &nbsp; Jahr: 2006 Ma\u00dfe: H 30 cm x B 10,5 cm x T 10,5 cm Material: Porzellan Herstellung: F\u00fcrstenberg Porzellanmanufaktur &nbsp; K\u00fcnstler entdecken<\/p>","protected":false},"featured_media":7891,"template":"","meta":{"ngg_post_thumbnail":0},"product_brand":[],"product_cat":[132],"product_tag":[],"class_list":{"0":"post-7890","1":"product","2":"type-product","3":"status-publish","4":"has-post-thumbnail","6":"product_cat-jo-kley","8":"first","9":"instock","10":"sold-individually","11":"taxable","12":"shipping-taxable","13":"purchasable","14":"product-type-simple"},"jetpack_sharing_enabled":true,"_links":{"self":[{"href":"https:\/\/galerie-root.de\/en\/wp-json\/wp\/v2\/product\/7890","targetHints":{"allow":["GET"]}}],"collection":[{"href":"https:\/\/galerie-root.de\/en\/wp-json\/wp\/v2\/product"}],"about":[{"href":"https:\/\/galerie-root.de\/en\/wp-json\/wp\/v2\/types\/product"}],"wp:featuredmedia":[{"embeddable":true,"href":"https:\/\/galerie-root.de\/en\/wp-json\/wp\/v2\/media\/7891"}],"wp:attachment":[{"href":"https:\/\/galerie-root.de\/en\/wp-json\/wp\/v2\/media?parent=7890"}],"wp:term":[{"taxonomy":"product_brand","embeddable":true,"href":"https:\/\/galerie-root.de\/en\/wp-json\/wp\/v2\/product_brand?post=7890"},{"taxonomy":"product_cat","embeddable":true,"href":"https:\/\/galerie-root.de\/en\/wp-json\/wp\/v2\/product_cat?post=7890"},{"taxonomy":"product_tag","embeddable":true,"href":"https:\/\/galerie-root.de\/en\/wp-json\/wp\/v2\/product_tag?post=7890"}],"curies":[{"name":"wp","href":"https:\/\/api.w.org\/{rel}","templated":true}]}}