{"id":6814,"date":"2025-07-18T11:11:58","date_gmt":"2025-07-18T11:11:58","guid":{"rendered":"https:\/\/galerie-root.de\/?post_type=product&#038;p=6814"},"modified":"2025-09-23T10:16:15","modified_gmt":"2025-09-23T10:16:15","slug":"nah-und-fern-nah","status":"publish","type":"product","link":"https:\/\/galerie-root.de\/en\/product\/nah-und-fern-nah\/","title":{"rendered":"near and far - far"},"content":{"rendered":"<table id=\"product-desc\">\n<tbody>\n<tr>\n<td>Series:<\/td>\n<td>near and far - far<\/td>\n<\/tr>\n<tr>\n<td>Technology:<\/td>\n<td>Acrylic, oil on canvas, 120 \u00d7 100 cm<\/td>\n<\/tr>\n<tr>\n<td>Year:<\/td>\n<td>2021<\/td>\n<\/tr>\n<\/tbody>\n<\/table>\n<p>&nbsp;<\/p>\n<p style=\"text-align: left; margin: 1em 0;\"><a style=\"color: #d32f2f; font-weight: bold; font-size: 1rem; text-decoration: underline; transition: color 0.2s ease;\" href=\"\/en\/christoph-primm\/\"><br \/>\nDiscover artists<br \/>\n<\/a><\/p>","protected":false},"excerpt":{"rendered":"<p>Serie: nah und fern \u2013 fern Technik: Acryl, \u00d6l auf Leinwand, 120 \u00d7 100 cm Jahr: 2021 &nbsp; K\u00fcnstler entdecken<\/p>","protected":false},"featured_media":6826,"template":"","meta":{"ngg_post_thumbnail":0},"product_brand":[],"product_cat":[77],"product_tag":[],"class_list":{"0":"post-6814","1":"product","2":"type-product","3":"status-publish","4":"has-post-thumbnail","6":"product_cat-christoph-primm","8":"first","9":"instock","10":"sold-individually","11":"taxable","12":"shipping-taxable","13":"purchasable","14":"product-type-simple"},"jetpack_sharing_enabled":true,"_links":{"self":[{"href":"https:\/\/galerie-root.de\/en\/wp-json\/wp\/v2\/product\/6814","targetHints":{"allow":["GET"]}}],"collection":[{"href":"https:\/\/galerie-root.de\/en\/wp-json\/wp\/v2\/product"}],"about":[{"href":"https:\/\/galerie-root.de\/en\/wp-json\/wp\/v2\/types\/product"}],"wp:featuredmedia":[{"embeddable":true,"href":"https:\/\/galerie-root.de\/en\/wp-json\/wp\/v2\/media\/6826"}],"wp:attachment":[{"href":"https:\/\/galerie-root.de\/en\/wp-json\/wp\/v2\/media?parent=6814"}],"wp:term":[{"taxonomy":"product_brand","embeddable":true,"href":"https:\/\/galerie-root.de\/en\/wp-json\/wp\/v2\/product_brand?post=6814"},{"taxonomy":"product_cat","embeddable":true,"href":"https:\/\/galerie-root.de\/en\/wp-json\/wp\/v2\/product_cat?post=6814"},{"taxonomy":"product_tag","embeddable":true,"href":"https:\/\/galerie-root.de\/en\/wp-json\/wp\/v2\/product_tag?post=6814"}],"curies":[{"name":"wp","href":"https:\/\/api.w.org\/{rel}","templated":true}]}}