{"id":6132,"date":"2025-06-11T15:33:35","date_gmt":"2025-06-11T15:33:35","guid":{"rendered":"https:\/\/galerie-root.de\/product\/ute-woellmann_einmal-war-ich-ein-baum-und-gebunden_2020_oel-pastellkreide-und-kohle-auf-leinwand_190-x-180-cm_7-400-e-o-r\/"},"modified":"2025-09-23T10:16:15","modified_gmt":"2025-09-23T10:16:15","slug":"ute-woellmann_einmal-war-ich-ein-baum-und-gebunden_2020_oel-pastellkreide-und-kohle-auf-leinwand_190-x-180-cm_7-400-e-o-r","status":"publish","type":"product","link":"https:\/\/galerie-root.de\/en\/product\/ute-woellmann_einmal-war-ich-ein-baum-und-gebunden_2020_oel-pastellkreide-und-kohle-auf-leinwand_190-x-180-cm_7-400-e-o-r\/","title":{"rendered":"Once I was a tree and bound"},"content":{"rendered":"<table id=\"product-desc\">\n<tbody>\n<tr>\n<td>Series:<\/td>\n<td>Once I was a tree and bound<\/td>\n<\/tr>\n<tr>\n<td>Technology:<\/td>\n<td>Oil, pastel chalk and charcoal on canvas, 190 \u00d7 180 cm<\/td>\n<\/tr>\n<tr>\n<td>Year:<\/td>\n<td>2020<\/td>\n<\/tr>\n<\/tbody>\n<\/table>\n<p>&nbsp;<\/p>\n<p style=\"text-align: left; margin: 1em 0;\"><a style=\"color: #d32f2f; font-weight: bold; font-size: 1rem; text-decoration: underline; transition: color 0.2s ease;\" href=\"\/en\/ute-woellmann\/\"><br \/>\nDiscover artists<br \/>\n<\/a><\/p>","protected":false},"excerpt":{"rendered":"<p>Serie: Einmal war ich ein Baum und gebunden Technik: \u00d6l, Pastellkreide und Kohle auf Leinwand, 190 \u00d7 180 cm Jahr: 2020 &nbsp; K\u00fcnstler entdecken<\/p>","protected":false},"featured_media":5997,"template":"","meta":{"ngg_post_thumbnail":0},"product_brand":[],"product_cat":[90],"product_tag":[],"class_list":{"0":"post-6132","1":"product","2":"type-product","3":"status-publish","4":"has-post-thumbnail","6":"product_cat-ute-woellmann","8":"first","9":"instock","10":"sold-individually","11":"taxable","12":"shipping-taxable","13":"purchasable","14":"product-type-simple"},"jetpack_sharing_enabled":true,"_links":{"self":[{"href":"https:\/\/galerie-root.de\/en\/wp-json\/wp\/v2\/product\/6132","targetHints":{"allow":["GET"]}}],"collection":[{"href":"https:\/\/galerie-root.de\/en\/wp-json\/wp\/v2\/product"}],"about":[{"href":"https:\/\/galerie-root.de\/en\/wp-json\/wp\/v2\/types\/product"}],"wp:featuredmedia":[{"embeddable":true,"href":"https:\/\/galerie-root.de\/en\/wp-json\/wp\/v2\/media\/5997"}],"wp:attachment":[{"href":"https:\/\/galerie-root.de\/en\/wp-json\/wp\/v2\/media?parent=6132"}],"wp:term":[{"taxonomy":"product_brand","embeddable":true,"href":"https:\/\/galerie-root.de\/en\/wp-json\/wp\/v2\/product_brand?post=6132"},{"taxonomy":"product_cat","embeddable":true,"href":"https:\/\/galerie-root.de\/en\/wp-json\/wp\/v2\/product_cat?post=6132"},{"taxonomy":"product_tag","embeddable":true,"href":"https:\/\/galerie-root.de\/en\/wp-json\/wp\/v2\/product_tag?post=6132"}],"curies":[{"name":"wp","href":"https:\/\/api.w.org\/{rel}","templated":true}]}}