{"id":6131,"date":"2025-06-11T15:33:34","date_gmt":"2025-06-11T15:33:34","guid":{"rendered":"https:\/\/galerie-root.de\/product\/ute-woellmann_ein-rahmen-voll-seewasser-2022-oel-auf-leinwand-120-x-160-cm_5600-e-o-r\/"},"modified":"2025-09-23T10:16:15","modified_gmt":"2025-09-23T10:16:15","slug":"ute-woellmann_ein-rahmen-voll-seewasser-2022-oel-auf-leinwand-120-x-160-cm_5600-e-o-r","status":"publish","type":"product","link":"https:\/\/galerie-root.de\/en\/product\/ute-woellmann_ein-rahmen-voll-seewasser-2022-oel-auf-leinwand-120-x-160-cm_5600-e-o-r\/","title":{"rendered":"A frame full of seawater"},"content":{"rendered":"<table id=\"product-desc\">\n<tbody>\n<tr>\n<td>Series:<\/td>\n<td>A frame full of seawater<\/td>\n<\/tr>\n<tr>\n<td>Technology:<\/td>\n<td>Oil on canvas, 120 \u00d7 160 cm<\/td>\n<\/tr>\n<tr>\n<td>Year:<\/td>\n<td>2022-2024<\/td>\n<\/tr>\n<\/tbody>\n<\/table>\n<h3 style=\"text-align: left; margin: 1em 0;\"><a style=\"color: #d32f2f; font-weight: bold; font-size: 1rem; text-decoration: underline; transition: color 0.2s ease;\" href=\"\/en\/ute-woellmann\/\">Discover artists<br \/>\n<\/a><\/h3>\n<h4>Origin:<\/h4>\n<p>The title of the painting \"A frame full of lake water\" goes back to a statement by the art critic Ludwig Hevesi (1843 - 1910) about the paintings by Gustav Klimt (1862 - 1918) of Lake Attersee, which he painted during his summer holidays at Lake Attersee from 1900 - 1916: \"A frame full of lake water, from Lake Attersee, nothing but short grey and green waves gliding through each other.\"<br \/>\nI was able to marvel at these works directly in the small but fine Klimt Museum in Sch\u00f6rfling am Attersee in 2022. I admired the almost abstract painting, in square formats, which uses the entire picture surface almost exclusively for the depiction of the turquoise-coloured, slightly undulating water surface with the help of short, impressionistic brushstrokes.<br \/>\nI started painting my picture of Lake Attersee plein air at almost the same spot where Gustav Klimt must have once stood in Litzlberg. I found that very inspiring. And I was also impressed by the unique turquoise-coloured water of Lake Attersee. I wanted to capture the movement of the water created by the wind falling down from the dark mountain slopes and gently sweeping across the lake.<br \/>\nI had a pink primed canvas measuring 120 x 160 cm with me, the colour tone of which was in perfect subtle tension with the light turquoise tone with which I painted the water. At the end of the two days I spent painting the picture on site, I was satisfied with the condition of the painting.<br \/>\nThe oil paint dried for two years. Enough time to look at the painting again and again and think about it. The overall colour tone was too cool for me. And so, in the summer of 2024, I took the painting with me on a plein air holiday to Templin in Brandenburg. There I found other, very suitable shades of green at one of the glowing green forest lakes around Templin, which I used to completely rework the picture.<\/p>\n<p>Started at a lake in Austria, finished at a lake in Brandenburg, this picture remains \"A frame full of lake water\" and conveys the freshness of a summer day spent at the lake.<\/p>","protected":false},"excerpt":{"rendered":"<p>Serie: Ein Rahmen voll Seewasser Technik: \u00d6l auf Leinwand, 120 \u00d7 160 cm Jahr: 2022-2024 K\u00fcnstler entdecken Entstehung: Der Titel des Bildes \u201eEin Rahmen voll Seewasser\u201c geht zur\u00fcck auf eine \u00c4u\u00dferung des Kunstkritikers Ludwig Hevesi (1843 \u2013 1910) \u00fcber die Bilder von Gustav Klimt (1862 \u2013 1918) vom Attersee, die er w\u00e4hrend seiner Sommerfrische Aufenthalte [&hellip;]<\/p>","protected":false},"featured_media":6929,"template":"","meta":{"ngg_post_thumbnail":0},"product_brand":[],"product_cat":[90],"product_tag":[],"class_list":{"0":"post-6131","1":"product","2":"type-product","3":"status-publish","4":"has-post-thumbnail","6":"product_cat-ute-woellmann","8":"first","9":"instock","10":"sold-individually","11":"taxable","12":"shipping-taxable","13":"purchasable","14":"product-type-simple"},"jetpack_sharing_enabled":true,"_links":{"self":[{"href":"https:\/\/galerie-root.de\/en\/wp-json\/wp\/v2\/product\/6131","targetHints":{"allow":["GET"]}}],"collection":[{"href":"https:\/\/galerie-root.de\/en\/wp-json\/wp\/v2\/product"}],"about":[{"href":"https:\/\/galerie-root.de\/en\/wp-json\/wp\/v2\/types\/product"}],"wp:featuredmedia":[{"embeddable":true,"href":"https:\/\/galerie-root.de\/en\/wp-json\/wp\/v2\/media\/6929"}],"wp:attachment":[{"href":"https:\/\/galerie-root.de\/en\/wp-json\/wp\/v2\/media?parent=6131"}],"wp:term":[{"taxonomy":"product_brand","embeddable":true,"href":"https:\/\/galerie-root.de\/en\/wp-json\/wp\/v2\/product_brand?post=6131"},{"taxonomy":"product_cat","embeddable":true,"href":"https:\/\/galerie-root.de\/en\/wp-json\/wp\/v2\/product_cat?post=6131"},{"taxonomy":"product_tag","embeddable":true,"href":"https:\/\/galerie-root.de\/en\/wp-json\/wp\/v2\/product_tag?post=6131"}],"curies":[{"name":"wp","href":"https:\/\/api.w.org\/{rel}","templated":true}]}}