{"id":6130,"date":"2025-06-11T15:33:34","date_gmt":"2025-06-11T15:33:34","guid":{"rendered":"https:\/\/galerie-root.de\/product\/ute-woellmann_du-trennst-der-luft-die-warmen-adern-auf_2017_oel-auf-leinwand_120-x-160-cm_5-600-e-o-r\/"},"modified":"2025-09-23T10:16:15","modified_gmt":"2025-09-23T10:16:15","slug":"ute-woellmann_du-trennst-der-luft-die-warmen-adern-auf_2017_oel-auf-leinwand_120-x-160-cm_5-600-e-o-r","status":"publish","type":"product","link":"https:\/\/galerie-root.de\/en\/product\/ute-woellmann_du-trennst-der-luft-die-warmen-adern-auf_2017_oel-auf-leinwand_120-x-160-cm_5-600-e-o-r\/","title":{"rendered":"You sever the warm veins in the air"},"content":{"rendered":"<table id=\"product-desc\">\n<tbody>\n<tr>\n<td>Series:<\/td>\n<td>You sever the warm veins in the air<\/td>\n<\/tr>\n<tr>\n<td>Technology:<\/td>\n<td>Oil on canvas, 120 \u00d7 160 cm<\/td>\n<\/tr>\n<tr>\n<td>Year:<\/td>\n<td>2017<\/td>\n<\/tr>\n<\/tbody>\n<\/table>\n<p>&nbsp;<\/p>\n<p style=\"text-align: left; margin: 1em 0;\"><a style=\"color: #d32f2f; font-weight: bold; font-size: 1rem; text-decoration: underline; transition: color 0.2s ease;\" href=\"\/en\/ute-woellmann\/\"><br \/>\nDiscover artists<br \/>\n<\/a><\/p>","protected":false},"excerpt":{"rendered":"<p>Serie: Du trennst der Luft die warmen Adern auf Technik: \u00d6l auf Leinwand, 120 \u00d7 160 cm Jahr: 2017 &nbsp; K\u00fcnstler entdecken<\/p>","protected":false},"featured_media":5995,"template":"","meta":{"ngg_post_thumbnail":0},"product_brand":[],"product_cat":[90],"product_tag":[],"class_list":{"0":"post-6130","1":"product","2":"type-product","3":"status-publish","4":"has-post-thumbnail","6":"product_cat-ute-woellmann","8":"first","9":"instock","10":"sold-individually","11":"taxable","12":"shipping-taxable","13":"purchasable","14":"product-type-simple"},"jetpack_sharing_enabled":true,"_links":{"self":[{"href":"https:\/\/galerie-root.de\/en\/wp-json\/wp\/v2\/product\/6130","targetHints":{"allow":["GET"]}}],"collection":[{"href":"https:\/\/galerie-root.de\/en\/wp-json\/wp\/v2\/product"}],"about":[{"href":"https:\/\/galerie-root.de\/en\/wp-json\/wp\/v2\/types\/product"}],"wp:featuredmedia":[{"embeddable":true,"href":"https:\/\/galerie-root.de\/en\/wp-json\/wp\/v2\/media\/5995"}],"wp:attachment":[{"href":"https:\/\/galerie-root.de\/en\/wp-json\/wp\/v2\/media?parent=6130"}],"wp:term":[{"taxonomy":"product_brand","embeddable":true,"href":"https:\/\/galerie-root.de\/en\/wp-json\/wp\/v2\/product_brand?post=6130"},{"taxonomy":"product_cat","embeddable":true,"href":"https:\/\/galerie-root.de\/en\/wp-json\/wp\/v2\/product_cat?post=6130"},{"taxonomy":"product_tag","embeddable":true,"href":"https:\/\/galerie-root.de\/en\/wp-json\/wp\/v2\/product_tag?post=6130"}],"curies":[{"name":"wp","href":"https:\/\/api.w.org\/{rel}","templated":true}]}}