{"id":6127,"date":"2025-06-11T15:33:34","date_gmt":"2025-06-11T15:33:34","guid":{"rendered":"https:\/\/galerie-root.de\/product\/ute-woellmann_der-himmel-der-zum-acker-strebt-2022-oel-auf-leinwand-50-x-65-cm_1800-e-o-r\/"},"modified":"2025-09-23T10:16:15","modified_gmt":"2025-09-23T10:16:15","slug":"ute-woellmann_der-himmel-der-zum-acker-strebt-2022-oel-auf-leinwand-50-x-65-cm_1800-e-o-r","status":"publish","type":"product","link":"https:\/\/galerie-root.de\/en\/product\/ute-woellmann_der-himmel-der-zum-acker-strebt-2022-oel-auf-leinwand-50-x-65-cm_1800-e-o-r\/","title":{"rendered":"The sky that aspires to the field"},"content":{"rendered":"<table id=\"product-desc\">\n<tbody>\n<tr>\n<td>Series:<\/td>\n<td>The sky that aspires to the field<\/td>\n<\/tr>\n<tr>\n<td>Technology:<\/td>\n<td>Oil on canvas, 50 \u00d7 65 cm<\/td>\n<\/tr>\n<tr>\n<td>Year:<\/td>\n<td>2022<\/td>\n<\/tr>\n<\/tbody>\n<\/table>\n<p>&nbsp;<\/p>\n<p style=\"text-align: left; margin: 1em 0;\"><a style=\"color: #d32f2f; font-weight: bold; font-size: 1rem; text-decoration: underline; transition: color 0.2s ease;\" href=\"\/en\/ute-woellmann\/\"><br \/>\nDiscover artists<br \/>\n<\/a><\/p>","protected":false},"excerpt":{"rendered":"<p>Serie: Der Himmel der zum Acker strebt Technik: \u00d6l auf Leinwand, 50 \u00d7 65 cm Jahr: 2022 &nbsp; K\u00fcnstler entdecken<\/p>","protected":false},"featured_media":5992,"template":"","meta":{"ngg_post_thumbnail":0},"product_brand":[],"product_cat":[90],"product_tag":[],"class_list":{"0":"post-6127","1":"product","2":"type-product","3":"status-publish","4":"has-post-thumbnail","6":"product_cat-ute-woellmann","8":"first","9":"instock","10":"sold-individually","11":"taxable","12":"shipping-taxable","13":"purchasable","14":"product-type-simple"},"jetpack_sharing_enabled":true,"_links":{"self":[{"href":"https:\/\/galerie-root.de\/en\/wp-json\/wp\/v2\/product\/6127","targetHints":{"allow":["GET"]}}],"collection":[{"href":"https:\/\/galerie-root.de\/en\/wp-json\/wp\/v2\/product"}],"about":[{"href":"https:\/\/galerie-root.de\/en\/wp-json\/wp\/v2\/types\/product"}],"wp:featuredmedia":[{"embeddable":true,"href":"https:\/\/galerie-root.de\/en\/wp-json\/wp\/v2\/media\/5992"}],"wp:attachment":[{"href":"https:\/\/galerie-root.de\/en\/wp-json\/wp\/v2\/media?parent=6127"}],"wp:term":[{"taxonomy":"product_brand","embeddable":true,"href":"https:\/\/galerie-root.de\/en\/wp-json\/wp\/v2\/product_brand?post=6127"},{"taxonomy":"product_cat","embeddable":true,"href":"https:\/\/galerie-root.de\/en\/wp-json\/wp\/v2\/product_cat?post=6127"},{"taxonomy":"product_tag","embeddable":true,"href":"https:\/\/galerie-root.de\/en\/wp-json\/wp\/v2\/product_tag?post=6127"}],"curies":[{"name":"wp","href":"https:\/\/api.w.org\/{rel}","templated":true}]}}