{"id":6118,"date":"2025-06-11T15:33:34","date_gmt":"2025-06-11T15:33:34","guid":{"rendered":"https:\/\/galerie-root.de\/product\/sabine-kybarth_handtaschen_2016_oel-auf-leinwand_100x120cm\/"},"modified":"2025-09-23T10:16:15","modified_gmt":"2025-09-23T10:16:15","slug":"sabine-kybarth_handtaschen_2016_oel-auf-leinwand_100x120cm","status":"publish","type":"product","link":"https:\/\/galerie-root.de\/en\/product\/sabine-kybarth_handtaschen_2016_oel-auf-leinwand_100x120cm\/","title":{"rendered":"Handbags"},"content":{"rendered":"<table id=\"product-desc\">\n<tbody>\n<tr>\n<td>Series:<\/td>\n<td>Handbags<\/td>\n<\/tr>\n<tr>\n<td>Technology:<\/td>\n<td>Oil on canvas, 100 \u00d7 120 cm<\/td>\n<\/tr>\n<tr>\n<td>Year:<\/td>\n<td>2016<\/td>\n<\/tr>\n<\/tbody>\n<\/table>\n<p>&nbsp;<\/p>\n<p style=\"text-align: left; margin: 1em 0;\"><a style=\"color: #d32f2f; font-weight: bold; font-size: 1rem; text-decoration: underline; transition: color 0.2s ease;\" href=\"\/en\/sabine-kybarth\/\"><br \/>\nDiscover artists<br \/>\n<\/a><\/p>","protected":false},"excerpt":{"rendered":"<p>Serie: Handtaschen Technik: \u00d6l auf Leinwand, 100 \u00d7 120 cm Jahr: 2016 &nbsp; K\u00fcnstler entdecken<\/p>","protected":false},"featured_media":5985,"template":"","meta":{"ngg_post_thumbnail":0},"product_brand":[],"product_cat":[89],"product_tag":[],"class_list":{"0":"post-6118","1":"product","2":"type-product","3":"status-publish","4":"has-post-thumbnail","6":"product_cat-sabine-kybarth","8":"first","9":"instock","10":"sold-individually","11":"taxable","12":"shipping-taxable","13":"purchasable","14":"product-type-simple"},"jetpack_sharing_enabled":true,"_links":{"self":[{"href":"https:\/\/galerie-root.de\/en\/wp-json\/wp\/v2\/product\/6118","targetHints":{"allow":["GET"]}}],"collection":[{"href":"https:\/\/galerie-root.de\/en\/wp-json\/wp\/v2\/product"}],"about":[{"href":"https:\/\/galerie-root.de\/en\/wp-json\/wp\/v2\/types\/product"}],"wp:featuredmedia":[{"embeddable":true,"href":"https:\/\/galerie-root.de\/en\/wp-json\/wp\/v2\/media\/5985"}],"wp:attachment":[{"href":"https:\/\/galerie-root.de\/en\/wp-json\/wp\/v2\/media?parent=6118"}],"wp:term":[{"taxonomy":"product_brand","embeddable":true,"href":"https:\/\/galerie-root.de\/en\/wp-json\/wp\/v2\/product_brand?post=6118"},{"taxonomy":"product_cat","embeddable":true,"href":"https:\/\/galerie-root.de\/en\/wp-json\/wp\/v2\/product_cat?post=6118"},{"taxonomy":"product_tag","embeddable":true,"href":"https:\/\/galerie-root.de\/en\/wp-json\/wp\/v2\/product_tag?post=6118"}],"curies":[{"name":"wp","href":"https:\/\/api.w.org\/{rel}","templated":true}]}}