{"id":6086,"date":"2025-06-11T15:33:32","date_gmt":"2025-06-11T15:33:32","guid":{"rendered":"https:\/\/galerie-root.de\/product\/marita-czepa-fruchtkoerper-2021-buntstift-auf-karteikarte-105-x-148-cm-zeichnung\/"},"modified":"2025-09-23T10:16:16","modified_gmt":"2025-09-23T10:16:16","slug":"marita-czepa-fruchtkoerper-2021-buntstift-auf-karteikarte-105-x-148-cm-zeichnung","status":"publish","type":"product","link":"https:\/\/galerie-root.de\/en\/product\/marita-czepa-fruchtkoerper-2021-buntstift-auf-karteikarte-105-x-148-cm-zeichnung\/","title":{"rendered":"From the series Findings - Fruit bodies"},"content":{"rendered":"<table id=\"product-desc\">\n<tbody>\n<tr>\n<td>Series:<\/td>\n<td>Found objects<\/td>\n<\/tr>\n<tr>\n<td>Technology:<\/td>\n<td>Coloured pencil on index card, 10.5 \u00d7 14.8 cm<\/td>\n<\/tr>\n<tr>\n<td>Year:<\/td>\n<td>2021<\/td>\n<\/tr>\n<\/tbody>\n<\/table>\n<p>&nbsp;<\/p>\n<p style=\"text-align: left; margin: 1em 0;\"><a style=\"color: #d32f2f; font-weight: bold; font-size: 1rem; text-decoration: underline; transition: color 0.2s ease;\" href=\"\/en\/marita-czepa\/\"><br \/>\nDiscover artists<br \/>\n<\/a><\/p>","protected":false},"excerpt":{"rendered":"<p>Serie: Fundst\u00fccke Technik: Buntstift auf Karteikarte, 10,5 \u00d7 14,8 cm Jahr: 2021 &nbsp; K\u00fcnstler entdecken<\/p>","protected":false},"featured_media":6906,"template":"","meta":{"ngg_post_thumbnail":0},"product_brand":[],"product_cat":[88],"product_tag":[],"class_list":{"0":"post-6086","1":"product","2":"type-product","3":"status-publish","4":"has-post-thumbnail","6":"product_cat-marita-czepa","8":"first","9":"instock","10":"sold-individually","11":"taxable","12":"shipping-taxable","13":"purchasable","14":"product-type-simple"},"jetpack_sharing_enabled":true,"_links":{"self":[{"href":"https:\/\/galerie-root.de\/en\/wp-json\/wp\/v2\/product\/6086","targetHints":{"allow":["GET"]}}],"collection":[{"href":"https:\/\/galerie-root.de\/en\/wp-json\/wp\/v2\/product"}],"about":[{"href":"https:\/\/galerie-root.de\/en\/wp-json\/wp\/v2\/types\/product"}],"wp:featuredmedia":[{"embeddable":true,"href":"https:\/\/galerie-root.de\/en\/wp-json\/wp\/v2\/media\/6906"}],"wp:attachment":[{"href":"https:\/\/galerie-root.de\/en\/wp-json\/wp\/v2\/media?parent=6086"}],"wp:term":[{"taxonomy":"product_brand","embeddable":true,"href":"https:\/\/galerie-root.de\/en\/wp-json\/wp\/v2\/product_brand?post=6086"},{"taxonomy":"product_cat","embeddable":true,"href":"https:\/\/galerie-root.de\/en\/wp-json\/wp\/v2\/product_cat?post=6086"},{"taxonomy":"product_tag","embeddable":true,"href":"https:\/\/galerie-root.de\/en\/wp-json\/wp\/v2\/product_tag?post=6086"}],"curies":[{"name":"wp","href":"https:\/\/api.w.org\/{rel}","templated":true}]}}