{"id":6056,"date":"2025-06-11T15:33:30","date_gmt":"2025-06-11T15:33:30","guid":{"rendered":"https:\/\/galerie-root.de\/product\/irmgard-bornemann-2022-o-t-attersee-oel-auf-leinwand-100-x-100-cm\/"},"modified":"2025-09-23T10:16:16","modified_gmt":"2025-09-23T10:16:16","slug":"irmgard-bornemann-2022-o-t-attersee-oel-auf-leinwand-100-x-100-cm","status":"publish","type":"product","link":"https:\/\/galerie-root.de\/en\/product\/irmgard-bornemann-2022-o-t-attersee-oel-auf-leinwand-100-x-100-cm\/","title":{"rendered":"n.d. (Attersee)"},"content":{"rendered":"<table id=\"product-desc\">\n<tr>\n<td>Series:<\/td>\n<td>n.d. (Attersee)<\/td>\n<\/tr>\n<tr>\n<td>Technology:<\/td>\n<td>Oil on canvas, 100 \u00d7 100 cm<\/td>\n<\/tr>\n<tr>\n<td>Year:<\/td>\n<td>2022<\/td>\n<\/tr>\n<\/table>\n<p style=\"text-align:left; margin:1em 0;\">\n  <a href=\"\/en\/irmgard-bornemann\/\"\n     style=\"color:#D32F2F; font-weight:bold; font-size:1rem; text-decoration:underline; transition:color 0.2s ease;\"\n     onmouseover=\"this.style.color='#B71C1C';\"\n     onmouseout=\"this.style.color='#D32F2F';\"><br \/>\n    Discover artists<br \/>\n  <\/a><\/p>","protected":false},"excerpt":{"rendered":"<p>Serie: o.T. (Attersee) Technik: \u00d6l auf Leinwand, 100 \u00d7 100 cm Jahr: 2022 K\u00fcnstler entdecken<\/p>","protected":false},"featured_media":5921,"template":"","meta":{"ngg_post_thumbnail":0},"product_brand":[],"product_cat":[85],"product_tag":[],"class_list":{"0":"post-6056","1":"product","2":"type-product","3":"status-publish","4":"has-post-thumbnail","6":"product_cat-irmgard-bornemann","8":"first","9":"instock","10":"sold-individually","11":"taxable","12":"shipping-taxable","13":"purchasable","14":"product-type-simple"},"jetpack_sharing_enabled":true,"_links":{"self":[{"href":"https:\/\/galerie-root.de\/en\/wp-json\/wp\/v2\/product\/6056","targetHints":{"allow":["GET"]}}],"collection":[{"href":"https:\/\/galerie-root.de\/en\/wp-json\/wp\/v2\/product"}],"about":[{"href":"https:\/\/galerie-root.de\/en\/wp-json\/wp\/v2\/types\/product"}],"wp:featuredmedia":[{"embeddable":true,"href":"https:\/\/galerie-root.de\/en\/wp-json\/wp\/v2\/media\/5921"}],"wp:attachment":[{"href":"https:\/\/galerie-root.de\/en\/wp-json\/wp\/v2\/media?parent=6056"}],"wp:term":[{"taxonomy":"product_brand","embeddable":true,"href":"https:\/\/galerie-root.de\/en\/wp-json\/wp\/v2\/product_brand?post=6056"},{"taxonomy":"product_cat","embeddable":true,"href":"https:\/\/galerie-root.de\/en\/wp-json\/wp\/v2\/product_cat?post=6056"},{"taxonomy":"product_tag","embeddable":true,"href":"https:\/\/galerie-root.de\/en\/wp-json\/wp\/v2\/product_tag?post=6056"}],"curies":[{"name":"wp","href":"https:\/\/api.w.org\/{rel}","templated":true}]}}