{"id":6050,"date":"2025-06-11T15:33:29","date_gmt":"2025-06-11T15:33:29","guid":{"rendered":"https:\/\/galerie-root.de\/product\/ingeborg-rauss-ampelmaenner-5-2021-acryl-auf-leinwand-30-x-30-cm\/"},"modified":"2025-09-23T10:16:17","modified_gmt":"2025-09-23T10:16:17","slug":"ingeborg-rauss-ampelmaenner-5-2021-acryl-auf-leinwand-30-x-30-cm","status":"publish","type":"product","link":"https:\/\/galerie-root.de\/en\/product\/ingeborg-rauss-ampelmaenner-5-2021-acryl-auf-leinwand-30-x-30-cm\/","title":{"rendered":"Traffic light men 5"},"content":{"rendered":"<table id=\"product-desc\">\n<tbody>\n<tr>\n<td>Series:<\/td>\n<td>Traffic light men 5<\/td>\n<\/tr>\n<tr>\n<td>Technology:<\/td>\n<td>Acrylic on canvas, 30 \u00d7 30 cm<\/td>\n<\/tr>\n<tr>\n<td>Year:<\/td>\n<td>2021<\/td>\n<\/tr>\n<\/tbody>\n<\/table>\n<p>&nbsp;<\/p>\n<p style=\"text-align: left; margin: 1em 0;\"><a style=\"color: #d32f2f; font-weight: bold; font-size: 1rem; text-decoration: underline; transition: color 0.2s ease;\" href=\"\/en\/ingeborg-rauss\/\"><br \/>\nDiscover artists<br \/>\n<\/a><\/p>","protected":false},"excerpt":{"rendered":"<p>Serie: Ampelm\u00e4nner 5 Technik: Acryl auf Leinwand, 30 \u00d7 30 cm Jahr: 2021 &nbsp; K\u00fcnstler entdecken<\/p>","protected":false},"featured_media":5914,"template":"","meta":{"ngg_post_thumbnail":0},"product_brand":[],"product_cat":[79],"product_tag":[],"class_list":{"0":"post-6050","1":"product","2":"type-product","3":"status-publish","4":"has-post-thumbnail","6":"product_cat-ingeborg-rauss","8":"first","9":"instock","10":"sold-individually","11":"taxable","12":"shipping-taxable","13":"purchasable","14":"product-type-simple"},"jetpack_sharing_enabled":true,"_links":{"self":[{"href":"https:\/\/galerie-root.de\/en\/wp-json\/wp\/v2\/product\/6050","targetHints":{"allow":["GET"]}}],"collection":[{"href":"https:\/\/galerie-root.de\/en\/wp-json\/wp\/v2\/product"}],"about":[{"href":"https:\/\/galerie-root.de\/en\/wp-json\/wp\/v2\/types\/product"}],"wp:featuredmedia":[{"embeddable":true,"href":"https:\/\/galerie-root.de\/en\/wp-json\/wp\/v2\/media\/5914"}],"wp:attachment":[{"href":"https:\/\/galerie-root.de\/en\/wp-json\/wp\/v2\/media?parent=6050"}],"wp:term":[{"taxonomy":"product_brand","embeddable":true,"href":"https:\/\/galerie-root.de\/en\/wp-json\/wp\/v2\/product_brand?post=6050"},{"taxonomy":"product_cat","embeddable":true,"href":"https:\/\/galerie-root.de\/en\/wp-json\/wp\/v2\/product_cat?post=6050"},{"taxonomy":"product_tag","embeddable":true,"href":"https:\/\/galerie-root.de\/en\/wp-json\/wp\/v2\/product_tag?post=6050"}],"curies":[{"name":"wp","href":"https:\/\/api.w.org\/{rel}","templated":true}]}}