{"id":425,"date":"2019-01-16T08:24:10","date_gmt":"2019-01-16T08:24:10","guid":{"rendered":"https:\/\/galerie-root.de\/?page_id=425"},"modified":"2025-09-26T07:46:29","modified_gmt":"2025-09-26T07:46:29","slug":"kontakt","status":"publish","type":"page","link":"https:\/\/galerie-root.de\/en\/kontakt\/","title":{"rendered":"Contact"},"content":{"rendered":"<div data-elementor-type=\"wp-post\" data-elementor-id=\"425\" class=\"elementor elementor-425\" data-elementor-post-type=\"page\">\n\t\t\t\t\t\t<section class=\"elementor-section elementor-top-section elementor-element elementor-element-54bf4fe elementor-section-full_width elementor-section-height-default elementor-section-height-default\" data-id=\"54bf4fe\" data-element_type=\"section\">\n\t\t\t\t\t\t<div class=\"elementor-container elementor-column-gap-default\">\n\t\t\t\t\t<div class=\"elementor-column elementor-col-100 elementor-top-column elementor-element elementor-element-c566220\" data-id=\"c566220\" data-element_type=\"column\">\n\t\t\t<div class=\"elementor-widget-wrap elementor-element-populated\">\n\t\t\t\t\t\t<div class=\"elementor-element elementor-element-1e0d5f1 elementor-widget elementor-widget-ova_heading_page\" data-id=\"1e0d5f1\" data-element_type=\"widget\" data-widget_type=\"ova_heading_page.default\">\n\t\t\t\t<div class=\"elementor-widget-container\">\n\t\t\t\t\t\n\t\t<section class=\"heading-page\" style=\"background-image: url(https:\/\/galerie-root.de\/wp-content\/uploads\/2025\/06\/IMG_1557.webp)\" >\n\t\t\t<div class=\"container\">\n\t\t\t\t<div class=\"cta-content\">\n\t\t\t\t\t\t\t\t\t\t\t<h2 class=\"second_font\">Contact us<\/h2>\n\t\t\t\t\t\t\t\t\t\t\n\t\t\t\t<\/div>\n\t\t\t<\/div>\n\t\t<\/section>\n\n\t\t\t\t\t<\/div>\n\t\t\t\t<\/div>\n\t\t\t\t\t<\/div>\n\t\t<\/div>\n\t\t\t\t\t<\/div>\n\t\t<\/section>\n\t\t\t\t<section class=\"elementor-section elementor-top-section elementor-element elementor-element-c84f15d elementor-section-boxed elementor-section-height-default elementor-section-height-default\" data-id=\"c84f15d\" data-element_type=\"section\">\n\t\t\t\t\t\t<div class=\"elementor-container elementor-column-gap-default\">\n\t\t\t\t\t<div class=\"elementor-column elementor-col-100 elementor-top-column elementor-element elementor-element-b39b5dd\" data-id=\"b39b5dd\" data-element_type=\"column\">\n\t\t\t<div class=\"elementor-widget-wrap elementor-element-populated\">\n\t\t\t\t\t\t<div class=\"elementor-element elementor-element-310b6e1 line-height-32 elementor-widget elementor-widget-text-editor\" data-id=\"310b6e1\" data-element_type=\"widget\" data-widget_type=\"text-editor.default\">\n\t\t\t\t<div class=\"elementor-widget-container\">\n\t\t\t\t\t\t\t\t\t<p>We are there for you anytime, anywhere in the world, so don't hesitate to contact us at any time.<\/p>\t\t\t\t\t\t\t\t<\/div>\n\t\t\t\t<\/div>\n\t\t\t\t\t<\/div>\n\t\t<\/div>\n\t\t\t\t\t<\/div>\n\t\t<\/section>\n\t\t\t\t<section class=\"elementor-section elementor-top-section elementor-element elementor-element-e58ec9e elementor-section-boxed elementor-section-height-default elementor-section-height-default\" data-id=\"e58ec9e\" data-element_type=\"section\">\n\t\t\t\t\t\t<div class=\"elementor-container elementor-column-gap-default\">\n\t\t\t\t\t<div class=\"elementor-column elementor-col-33 elementor-top-column elementor-element elementor-element-5ab6dec\" data-id=\"5ab6dec\" data-element_type=\"column\">\n\t\t\t<div class=\"elementor-widget-wrap elementor-element-populated\">\n\t\t\t\t\t\t<div class=\"elementor-element elementor-element-ce4e6d4 elementor-widget elementor-widget-ova_info\" data-id=\"ce4e6d4\" data-element_type=\"widget\" data-widget_type=\"ova_info.default\">\n\t\t\t\t<div class=\"elementor-widget-container\">\n\t\t\t\t\t\t<div class=\"ova_info\">\n\t\t\t\t\n\t\t\t\t\t<div class=\"ova_info_contact\">\n\t\t\t\t\t\t\t\t\t<h3 class=\"title second_font\">The opening hours<\/h3>\n\t\t\t\t\t\t\t\t\t\t\t\t<div class=\"info-contact\">\n\t\t\t\t\t\n\t\t\t\t\t\t\t\t\t<\/div>\n\t\t\t<\/div>\n\t\t\t<\/div>\n\t\t\t\t\t<\/div>\n\t\t\t\t<\/div>\n\t\t\t\t<div class=\"elementor-element elementor-element-508687d elementor-widget elementor-widget-text-editor\" data-id=\"508687d\" data-element_type=\"widget\" data-widget_type=\"text-editor.default\">\n\t\t\t\t<div class=\"elementor-widget-container\">\n\t\t\t\t\t\t\t\t\t<ul><li>Tuesdays 16.00 - 19.00 hrs<\/li><li>Wednesdays 10.00 - 13.00 hrs<\/li><li>Thursdays 12.30 - 13.30 + 14.00 - 18.00<\/li><\/ul>\t\t\t\t\t\t\t\t<\/div>\n\t\t\t\t<\/div>\n\t\t\t\t<div class=\"elementor-element elementor-element-47f3362 elementor-widget elementor-widget-ova_info\" data-id=\"47f3362\" data-element_type=\"widget\" data-widget_type=\"ova_info.default\">\n\t\t\t\t<div class=\"elementor-widget-container\">\n\t\t\t\t\t\t<div class=\"ova_info\">\n\t\t\t\t\n\t\t\t\t\t<div class=\"ova_info_contact\">\n\t\t\t\t\t\t\t\t\t<h3 class=\"title second_font\">Contact information<\/h3>\n\t\t\t\t\t\t\t\t\t\t\t\t\t<h4 class=\"sub-title\" >Schillerstra\u00dfe 34, 10627 Berlin <\/h4>\n\t\t\t\t\t\t\t\t<div class=\"info-contact\">\n\t\t\t\t\t\t\t\t\t\t\t<a href=\"tel:+ 49 157 50171807\" class=\"phone\">+ 49 157 50171807 <\/a>\n\t\t\t\t\t\n\t\t\t\t\t\t\t\t\t\t\t<a class=\"email\" href=\"mailto: galerieroot@googlemail.com\"> galerieroot@googlemail.com<\/a>\n\t\t\t\t\t\t\t\t\t<\/div>\n\t\t\t<\/div>\n\t\t\t<\/div>\n\t\t\t\t\t<\/div>\n\t\t\t\t<\/div>\n\t\t\t\t<div class=\"elementor-element elementor-element-3320e1d elementor-widget elementor-widget-ova_social\" data-id=\"3320e1d\" data-element_type=\"widget\" data-widget_type=\"ova_social.default\">\n\t\t\t\t<div class=\"elementor-widget-container\">\n\t\t\t\t\t\t\t<div class=\"ova_social ova-framework-social-icons-wrapper\">\n\t\t\t\t\t\t\t<h3 class=\"title second_font\">Social Media<\/h3>\n\t\t\t\t\t\t<div class=\"content\">\n\t\t\t\t\n\t\t\t\t\t\t\t\t\t\t<a class=\"ova-framework-icon ova-framework-social-icon ova-framework-social-icon-facebook\" style=\" color: #fff; background-color: #c8c9cb\" href=\"https:\/\/www.facebook.com\/galerieroot\" target=\"_blank\">\n\t\t\t\t\t\t<span class=\"ova-framework-screen-only\">Facebook<\/span>\n\t\t\t\t\t\t\t\t\t\t\t\t\t<i aria-hidden=\"true\" class=\"fa fa-facebook\"><\/i>\n\t\t\t\t\t\t\t\t\t\t\t<\/a>\n\t\t\t\t\t\t\t<\/div>\n\t\t\t<!-- end .content -->\n\t\t<\/div>\n\t\t\t\t\t\t<\/div>\n\t\t\t\t<\/div>\n\t\t\t\t\t<\/div>\n\t\t<\/div>\n\t\t\t\t<div class=\"elementor-column elementor-col-66 elementor-top-column elementor-element elementor-element-480cb6b\" data-id=\"480cb6b\" data-element_type=\"column\">\n\t\t\t<div class=\"elementor-widget-wrap elementor-element-populated\">\n\t\t\t\t\t\t<div class=\"elementor-element elementor-element-a4e42bb elementor-widget elementor-widget-shortcode\" data-id=\"a4e42bb\" data-element_type=\"widget\" data-widget_type=\"shortcode.default\">\n\t\t\t\t<div class=\"elementor-widget-container\">\n\t\t\t\t\t\t\t<div class=\"elementor-shortcode\">\n<div class=\"wpcf7 no-js\" id=\"wpcf7-f430-o1\" lang=\"en-US\" dir=\"ltr\" data-wpcf7-id=\"430\">\n<div class=\"screen-reader-response\"><p role=\"status\" aria-live=\"polite\" aria-atomic=\"true\"><\/p> <ul><\/ul><\/div>\n<form action=\"\/en\/wp-json\/wp\/v2\/pages\/425#wpcf7-f430-o1\" method=\"post\" class=\"wpcf7-form init\" aria-label=\"Contact form\" novalidate=\"novalidate\" data-status=\"init\" data-trp-original-action=\"\/en\/wp-json\/wp\/v2\/pages\/425#wpcf7-f430-o1\">\n<fieldset class=\"hidden-fields-container\"><input type=\"hidden\" name=\"_wpcf7\" value=\"430\" \/><input type=\"hidden\" name=\"_wpcf7_version\" value=\"6.1.4\" \/><input type=\"hidden\" name=\"_wpcf7_locale\" value=\"en_US\" \/><input type=\"hidden\" name=\"_wpcf7_unit_tag\" value=\"wpcf7-f430-o1\" \/><input type=\"hidden\" name=\"_wpcf7_container_post\" value=\"0\" \/><input type=\"hidden\" name=\"_wpcf7_posted_data_hash\" value=\"\" \/>\n<\/fieldset>\n<div class=\"ova-ctf7-contact-us-page\">\n\t<div class=\"name\">\n\t\t<p><span class=\"wpcf7-form-control-wrap\" data-name=\"your-name\"><input size=\"40\" maxlength=\"400\" class=\"wpcf7-form-control wpcf7-text wpcf7-validates-as-required\" aria-required=\"true\" aria-invalid=\"false\" placeholder=\"Name\" value=\"\" type=\"text\" name=\"your-name\" \/><\/span>\n\t\t<\/p>\n\t<\/div>\n\t<div class=\"email\">\n\t\t<p><span class=\"wpcf7-form-control-wrap\" data-name=\"your-email\"><input size=\"40\" maxlength=\"400\" class=\"wpcf7-form-control wpcf7-email wpcf7-validates-as-required wpcf7-text wpcf7-validates-as-email\" aria-required=\"true\" aria-invalid=\"false\" placeholder=\"E-mail address\" value=\"\" type=\"email\" name=\"your-email\" \/><\/span>\n\t\t<\/p>\n\t<\/div>\n\t<div class=\"title\">\n\t\t<p><span class=\"wpcf7-form-control-wrap\" data-name=\"your-subject\"><input size=\"40\" maxlength=\"400\" class=\"wpcf7-form-control wpcf7-text\" aria-invalid=\"false\" placeholder=\"Subject\" value=\"\" type=\"text\" name=\"your-subject\" \/><\/span>\n\t\t<\/p>\n\t<\/div>\n\t<div class=\"content\">\n\t\t<p><span class=\"wpcf7-form-control-wrap\" data-name=\"your-message\"><textarea cols=\"40\" rows=\"10\" maxlength=\"2000\" class=\"wpcf7-form-control wpcf7-textarea\" aria-invalid=\"false\" placeholder=\"Write your message here...\" name=\"your-message\"><\/textarea><\/span>\n\t\t<\/p>\n\t<\/div>\n\t<div class=\"submit\">\n\t\t<p><input class=\"wpcf7-form-control wpcf7-submit has-spinner\" type=\"submit\" value=\"Send\" \/>\n\t\t<\/p>\n\t<\/div>\n<\/div><div class=\"wpcf7-response-output\" aria-hidden=\"true\"><\/div>\n<input type=\"hidden\" name=\"trp-form-language\" value=\"en\"\/><\/form>\n<\/div>\n<\/div>\n\t\t\t\t\t\t<\/div>\n\t\t\t\t<\/div>\n\t\t\t\t\t<\/div>\n\t\t<\/div>\n\t\t\t\t\t<\/div>\n\t\t<\/section>\n\t\t\t\t<section class=\"elementor-section elementor-top-section elementor-element elementor-element-e5f8f3f elementor-section-full_width elementor-section-height-default elementor-section-height-default\" data-id=\"e5f8f3f\" data-element_type=\"section\">\n\t\t\t\t\t\t<div class=\"elementor-container elementor-column-gap-default\">\n\t\t\t\t\t<div class=\"elementor-column elementor-col-100 elementor-top-column elementor-element elementor-element-0948764\" data-id=\"0948764\" data-element_type=\"column\">\n\t\t\t<div class=\"elementor-widget-wrap elementor-element-populated\">\n\t\t\t\t\t\t<div class=\"elementor-element elementor-element-98c8d8e elementor-widget elementor-widget-google_maps\" data-id=\"98c8d8e\" data-element_type=\"widget\" data-widget_type=\"google_maps.default\">\n\t\t\t\t<div class=\"elementor-widget-container\">\n\t\t\t\t\t\t\t<div class=\"elementor-custom-embed\">\n\t\t\t<iframe loading=\"lazy\"\n\t\t\t\t\tsrc=\"https:\/\/maps.google.com\/maps?q=Schillerstra%C3%9Fe%2034%2C%2010627%20Berlin%20&#038;t=m&#038;z=17&#038;output=embed&#038;iwloc=near\"\n\t\t\t\t\ttitle=\"Schillerstra\u00dfe 34, 10627 Berlin \"\n\t\t\t\t\taria-label=\"Schillerstra\u00dfe 34, 10627 Berlin \"\n\t\t\t><\/iframe>\n\t\t<\/div>\n\t\t\t\t\t\t<\/div>\n\t\t\t\t<\/div>\n\t\t\t\t\t<\/div>\n\t\t<\/div>\n\t\t\t\t\t<\/div>\n\t\t<\/section>\n\t\t\t\t<\/div>","protected":false},"excerpt":{"rendered":"<p>Kontakt Wir sind jederzeit und \u00fcberall auf der Welt f\u00fcr Sie da, z\u00f6gern Sie also nicht, uns jederzeit zu erreichen. Die \u00d6ffnungszeiten Dienstags 16.00 \u2013 19.00 Uhr Mittwochs 10.00 \u2013 13.00 Uhr Donnerstags 12.30 \u2013 13.30 Uhr + 14.00 \u2013 18.00 Uhr Kontaktinformationen Schillerstra\u00dfe 34, 10627 Berlin + 49 157 50171807 galerieroot@googlemail.com Social Media Facebook<\/p>","protected":false},"author":1,"featured_media":0,"parent":0,"menu_order":0,"comment_status":"closed","ping_status":"closed","template":"elementor_header_footer","meta":{"ngg_post_thumbnail":0,"footnotes":""},"wf_page_folders":[],"class_list":["post-425","page","type-page","status-publish","hentry"],"jetpack_sharing_enabled":true,"_links":{"self":[{"href":"https:\/\/galerie-root.de\/en\/wp-json\/wp\/v2\/pages\/425","targetHints":{"allow":["GET"]}}],"collection":[{"href":"https:\/\/galerie-root.de\/en\/wp-json\/wp\/v2\/pages"}],"about":[{"href":"https:\/\/galerie-root.de\/en\/wp-json\/wp\/v2\/types\/page"}],"author":[{"embeddable":true,"href":"https:\/\/galerie-root.de\/en\/wp-json\/wp\/v2\/users\/1"}],"replies":[{"embeddable":true,"href":"https:\/\/galerie-root.de\/en\/wp-json\/wp\/v2\/comments?post=425"}],"version-history":[{"count":17,"href":"https:\/\/galerie-root.de\/en\/wp-json\/wp\/v2\/pages\/425\/revisions"}],"predecessor-version":[{"id":7561,"href":"https:\/\/galerie-root.de\/en\/wp-json\/wp\/v2\/pages\/425\/revisions\/7561"}],"wp:attachment":[{"href":"https:\/\/galerie-root.de\/en\/wp-json\/wp\/v2\/media?parent=425"}],"wp:term":[{"taxonomy":"wf_page_folders","embeddable":true,"href":"https:\/\/galerie-root.de\/en\/wp-json\/wp\/v2\/wf_page_folders?post=425"}],"curies":[{"name":"wp","href":"https:\/\/api.w.org\/{rel}","templated":true}]}}